{"id":233,"date":"2016-11-26T15:32:24","date_gmt":"2016-11-26T14:32:24","guid":{"rendered":"http:\/\/www.der-dambacher.de\/wp\/?page_id=233"},"modified":"2020-09-06T15:16:44","modified_gmt":"2020-09-06T13:16:44","slug":"wiedergutmachung","status":"publish","type":"page","link":"https:\/\/www.der-dambacher.de\/wp\/wiedergutmachung\/","title":{"rendered":"Wiedergutmachung"},"content":{"rendered":"<p>Wiedergutmachung ist sicher eine der schwierigeren Zielsetzungen, die Abh\u00e4ngige auf dem Weg zur\u00fcck in ein selbstbestimmtes Leben meistern sollten.<\/p>\n<p>Allein, dies ist ja schon f\u00fcr die meisten &#8222;normalen&#8220; Menschen ein Problem: Es sind normalerweise immer die anderen, die etwas verschulden! Man selbst? Niemals, Gott bewahre&#8230; Eine weitere Schwierigkeit: Was ist gutzumachen? Wer bestimmt, welcher Schaden \u00fcberhaupt entstand?<\/p>\n<p>Letztlich muss das jeder selbst wissen, zumindest wenn es sich um erwachsene Angeh\u00f6rige wie Ehepartner oder Freunde handelt &#8211; Kinder jedoch wissen noch gar nicht, was bei ihnen \u00fcberhaupt an Schaden angerichtet wurde. Kinder lieben ihre Eltern, und die Spanne dessen, was sich Eltern erlauben k\u00f6nnen, bis diese Liebe endg\u00fcltig begraben ist, d\u00fcrfte riesig sein. Entsprechend neigen sie sehr schnell dazu, zu verharmlosen (&#8222;war doch nicht so schlimm, is alles ok&#8220;), zu entschuldigen (&#8222;Du warst ja krank, Mama&#8230;&#8220;), und sich selbst nicht wichtig zu nehmen (&#8222;Super, dass du schon 4 Wochen nichts mehr getrunken hast, Papa&#8230;!&#8220;) &#8211; sie wissen es meist nicht besser.<\/p>\n<p>Eine heimt\u00fcckische Konditionierung, wie sie in z.B. Alkoholikerfamilien an Kindern entsteht: alles dreht sich um die S\u00fcchtigen, R\u00fccksichtnahme auf &#8222;den Kranken&#8220; wird eingefordert, ebenso wie Verschwiegenheit gg\u00fc. Lehrern, Freunden oder Nachbarn. Gewaltausbr\u00fcche m\u00fcssen entschuldigt werden, als seien sie normal, gelogen wird, dass sich die Balken biegen&#8230;H\u00f6rt sich alles nicht so schlimm an, wenn man es einzeln betrachtet, aber das Mix ist giftig. Oft \u00fcberaus toxisch, wenn auch noch die Zeitkomponente ins Spiel kommt. Die st\u00e4ndigen Wiederholungen \u00fcber Jahre hinweg!<\/p>\n<p>Der Author ist der Meinung, dass mindestens R\u00fccklagen gebildet werden m\u00fcssten, damit ggf. sp\u00e4ter, wenn bei den dann erwachsenen Nachkommen Probleme erkennbar sind, entsprechende Therapien bezahlt werden k\u00f6nnen. Und zwar bevor sich die Geschichte wiederholt: Ehen zerbrechen deutlich h\u00e4ufiger, ebenso wie psychiatrische Erkrankungen vermehrt auftreten, wodurch wiederum Karrieren bedroht sind&#8230;etc., etc.<\/p>\n<p>Sicher ist es schwierig, zwischen ererbten Konstellationen und erworbenen Traumen zu trennen, aber beides kommt sowieso aus den gleichen Wurzeln, und sollte daher solidarisch begleitet werden. Statt zynisch zu postulieren &#8222;Jeder hat seine P\u00e4ckchen zu tragen, ist halt Pech&#8220;, k\u00f6nnte proaktiv gest\u00fctzt\/begleitet werden. Opfer-Coaching sozusagen &#8211; um weniger Menschen unverschuldet leiden zu lassen!<\/p>\n\n\n<p><\/p>\n","protected":false},"excerpt":{"rendered":"<p>Wiedergutmachung ist sicher eine der schwierigeren Zielsetzungen, die Abh\u00e4ngige auf dem Weg zur\u00fcck in ein selbstbestimmtes Leben meistern sollten. Allein, dies ist ja schon f\u00fcr die meisten &#8222;normalen&#8220; Menschen ein Problem: Es sind normalerweise immer die anderen, die etwas verschulden! Man selbst? Niemals, Gott bewahre&#8230; Eine weitere Schwierigkeit: Was ist gutzumachen? Wer bestimmt, welcher Schaden [&hellip;]<\/p>\n","protected":false},"author":1,"featured_media":211,"parent":0,"menu_order":0,"comment_status":"closed","ping_status":"closed","template":"","meta":{"footnotes":""},"class_list":["post-233","page","type-page","status-publish","has-post-thumbnail","hentry"],"_links":{"self":[{"href":"https:\/\/www.der-dambacher.de\/wp\/wp-json\/wp\/v2\/pages\/233","targetHints":{"allow":["GET"]}}],"collection":[{"href":"https:\/\/www.der-dambacher.de\/wp\/wp-json\/wp\/v2\/pages"}],"about":[{"href":"https:\/\/www.der-dambacher.de\/wp\/wp-json\/wp\/v2\/types\/page"}],"author":[{"embeddable":true,"href":"https:\/\/www.der-dambacher.de\/wp\/wp-json\/wp\/v2\/users\/1"}],"replies":[{"embeddable":true,"href":"https:\/\/www.der-dambacher.de\/wp\/wp-json\/wp\/v2\/comments?post=233"}],"version-history":[{"count":5,"href":"https:\/\/www.der-dambacher.de\/wp\/wp-json\/wp\/v2\/pages\/233\/revisions"}],"predecessor-version":[{"id":280,"href":"https:\/\/www.der-dambacher.de\/wp\/wp-json\/wp\/v2\/pages\/233\/revisions\/280"}],"wp:featuredmedia":[{"embeddable":true,"href":"https:\/\/www.der-dambacher.de\/wp\/wp-json\/wp\/v2\/media\/211"}],"wp:attachment":[{"href":"https:\/\/www.der-dambacher.de\/wp\/wp-json\/wp\/v2\/media?parent=233"}],"curies":[{"name":"wp","href":"https:\/\/api.w.org\/{rel}","templated":true}]}}